{"id":3199,"date":"2020-12-18T13:54:49","date_gmt":"2020-12-18T12:54:49","guid":{"rendered":"https:\/\/docs4opendebate.be\/?page_id=3199"},"modified":"2020-12-18T14:00:00","modified_gmt":"2020-12-18T13:00:00","slug":"actions-mondial","status":"publish","type":"page","link":"https:\/\/docs4opendebate.be\/fr\/actions-mondial\/","title":{"rendered":"Actions mondial"},"content":{"rendered":"\t\t<div data-elementor-type=\"wp-page\" data-elementor-id=\"3199\" class=\"elementor elementor-3199 elementor-3194\" data-elementor-post-type=\"page\">\n\t\t\t\t\t\t<section class=\"elementor-section elementor-top-section elementor-element elementor-element-67733d0 elementor-section-content-middle elementor-section-boxed elementor-section-height-default elementor-section-height-default\" data-id=\"67733d0\" data-element_type=\"section\" data-e-type=\"section\">\n\t\t\t\t\t\t<div class=\"elementor-container elementor-column-gap-extended\">\n\t\t\t\t\t<div class=\"elementor-column elementor-col-100 elementor-top-column elementor-element elementor-element-77a570f\" data-id=\"77a570f\" data-element_type=\"column\" data-e-type=\"column\">\n\t\t\t<div class=\"elementor-widget-wrap elementor-element-populated\">\n\t\t\t\t\t\t<div class=\"elementor-element elementor-element-ed16092 elementor-widget elementor-widget-heading\" data-id=\"ed16092\" data-element_type=\"widget\" data-e-type=\"widget\" data-widget_type=\"heading.default\">\n\t\t\t\t<div class=\"elementor-widget-container\">\n\t\t\t\t\t<h2 class=\"elementor-heading-title elementor-size-default\">Actions mondial<\/h2>\t\t\t\t<\/div>\n\t\t\t\t<\/div>\n\t\t\t\t<section class=\"elementor-section elementor-inner-section elementor-element elementor-element-80b4d35 elementor-section-boxed elementor-section-height-default elementor-section-height-default\" data-id=\"80b4d35\" data-element_type=\"section\" data-e-type=\"section\">\n\t\t\t\t\t\t<div class=\"elementor-container elementor-column-gap-default\">\n\t\t\t\t\t<div class=\"elementor-column elementor-col-33 elementor-inner-column elementor-element elementor-element-9aba4e6\" data-id=\"9aba4e6\" data-element_type=\"column\" data-e-type=\"column\">\n\t\t\t<div class=\"elementor-widget-wrap\">\n\t\t\t\t\t\t\t<\/div>\n\t\t<\/div>\n\t\t\t\t<div class=\"elementor-column elementor-col-33 elementor-inner-column elementor-element elementor-element-8f20269\" data-id=\"8f20269\" data-element_type=\"column\" data-e-type=\"column\">\n\t\t\t<div class=\"elementor-widget-wrap elementor-element-populated\">\n\t\t\t\t\t\t<div class=\"elementor-element elementor-element-0feb5dd elementor-widget elementor-widget-text-editor\" data-id=\"0feb5dd\" data-element_type=\"widget\" data-e-type=\"widget\" data-widget_type=\"text-editor.default\">\n\t\t\t\t<div class=\"elementor-widget-container\">\n\t\t\t\t\t\t\t\t\t<p><b>Petition vaccination<\/b><\/p><p>Dr. Wodarg et Dr. Yeadon demande l&rsquo;arr\u00eat de toutes les \u00e9tudes de vaccination corona et demande la cosignature de la p\u00e9tition<\/p><p><span style=\"font-size: 16px;\">Dr. Wodarg et Dr. Yeadon demande au plus grand nombre de citoyens europ\u00e9ens de cosigner leur p\u00e9tition en <a href=\"mailto:press@ema.europa.eu?cc=petitionEMA@corona-ausschuss.com&amp;bcc=stefano.marino@ema.europa.eu&amp;subject=Co-signing%20the%20petition%20of%20Dr.%20Wodarg,%20Germany,%20and%20Dr.%20Yeadon,%20UK,%20(submitted%20on%201-Dec-2020)&amp;body=Dear%20Sir%20or%20Madam,%20I%20am%20hereby%20co-signing%20the%20petition%20of%20Dr.%20Wodarg%20and%20Dr.%20Yeadon%20to%20support%20their%20urgent%20request%20to%20stay%20the%20Phase%20III%20clinical%20trial(s)%20of%20BNT162b%20(EudraCT%20Number%202020-002641-42)%20and%20other%20clinical%20trials.%20The%20full%20text%20of%20the%20petition%20of%20Dr.%20Wodarg%20and%20Dr.%20Yeadon%20can%20be%20found%20here:%20https:\/\/2020news.de\/wp-content\/uploads\/2020\/12\/Wodarg_Yeadon_EMA_Petition_Pfizer_Trial_FINAL_01DEC2020_EN_unsigned_with_Exhibits.pdf%20I%20hereby%20respectfully%20request%20that%20EMA%20act%20on%20the%20petition%20of%20Dr.%20Wodarg%20and%20Dr.%20Yeadon%20immediately.%20Regards\">envoyant un e-mail \u00e0 EMA<\/a>. (<a href=\"https:\/\/2020news.de\/en\/dr-wodarg-and-dr-yeadon-request-a-stop-of-all-corona-vaccination-studies-and-call-for-co-signing-the-petition\/\" target=\"_blank\" rel=\"noopener\">voir l&rsquo;article<\/a>)<\/span><\/p>\t\t\t\t\t\t\t\t<\/div>\n\t\t\t\t<\/div>\n\t\t\t\t\t<\/div>\n\t\t<\/div>\n\t\t\t\t<div class=\"elementor-column elementor-col-33 elementor-inner-column elementor-element elementor-element-f5cf0dd\" data-id=\"f5cf0dd\" data-element_type=\"column\" data-e-type=\"column\">\n\t\t\t<div class=\"elementor-widget-wrap\">\n\t\t\t\t\t\t\t<\/div>\n\t\t<\/div>\n\t\t\t\t\t<\/div>\n\t\t<\/section>\n\t\t\t\t<div class=\"elementor-element elementor-element-9a9133b elementor-align-center elementor-widget elementor-widget-button\" data-id=\"9a9133b\" data-element_type=\"widget\" data-e-type=\"widget\" data-widget_type=\"button.default\">\n\t\t\t\t<div class=\"elementor-widget-container\">\n\t\t\t\t\t\t\t\t\t<div class=\"elementor-button-wrapper\">\n\t\t\t\t\t<a class=\"elementor-button elementor-button-link elementor-size-sm\" href=\"https:\/\/docs4opendebate.be\/fr\/#petitie\">\n\t\t\t\t\t\t<span class=\"elementor-button-content-wrapper\">\n\t\t\t\t\t\t\t\t\t<span class=\"elementor-button-text\">Signez la lettre ouverte<\/span>\n\t\t\t\t\t<\/span>\n\t\t\t\t\t<\/a>\n\t\t\t\t<\/div>\n\t\t\t\t\t\t\t\t<\/div>\n\t\t\t\t<\/div>\n\t\t\t\t\t<\/div>\n\t\t<\/div>\n\t\t\t\t\t<\/div>\n\t\t<\/section>\n\t\t\t\t<\/div>\n\t\t","protected":false},"excerpt":{"rendered":"<p>Actions mondial Petition vaccination Dr. Wodarg et Dr. Yeadon demande l&rsquo;arr\u00eat de toutes les \u00e9tudes de vaccination corona et demande la cosignature de la p\u00e9tition Dr. Wodarg et Dr. Yeadon demande au plus grand nombre de citoyens europ\u00e9ens de cosigner leur p\u00e9tition en envoyant un e-mail \u00e0 EMA. (voir l&rsquo;article) Signez la lettre ouverte<\/p>\n<div class='heateor_sss_sharing_container heateor_sss_vertical_sharing heateor_sss_bottom_sharing' style='width:44px;right: -10px;top: 180px;-webkit-box-shadow:none;box-shadow:none;' data-heateor-sss-href='https:\/\/docs4opendebate.be\/fr\/wp-json\/wp\/v2\/pages\/3199'><div class=\"heateor_sss_sharing_ul\"><a aria-label=\"Facebook\" class=\"heateor_sss_facebook\" href=\"https:\/\/www.facebook.com\/sharer\/sharer.php?u=https%3A%2F%2Fdocs4opendebate.be%2Ffr%2Fwp-json%2Fwp%2Fv2%2Fpages%2F3199\" title=\"Facebook\" rel=\"nofollow noopener\" target=\"_blank\" style=\"font-size:32px!important;box-shadow:none;display:inline-block;vertical-align:middle\"><span class=\"heateor_sss_svg\" style=\"background-color:#0765FE;width:40px;height:40px;margin:0;display:inline-block;opacity:1;float:left;font-size:32px;box-shadow:none;display:inline-block;font-size:16px;padding:0 4px;vertical-align:middle;background-repeat:repeat;overflow:hidden;padding:0;cursor:pointer;box-sizing:content-box\"><svg style=\"display:block;\" focusable=\"false\" aria-hidden=\"true\" xmlns=\"http:\/\/www.w3.org\/2000\/svg\" width=\"100%\" height=\"100%\" viewBox=\"0 0 32 32\"><path fill=\"#fff\" d=\"M28 16c0-6.627-5.373-12-12-12S4 9.373 4 16c0 5.628 3.875 10.35 9.101 11.647v-7.98h-2.474V16H13.1v-1.58c0-4.085 1.849-5.978 5.859-5.978.76 0 2.072.15 2.608.298v3.325c-.283-.03-.775-.045-1.386-.045-1.967 0-2.728.745-2.728 2.683V16h3.92l-.673 3.667h-3.247v8.245C23.395 27.195 28 22.135 28 16Z\"><\/path><\/svg><\/span><\/a><a aria-label=\"Twitter\" class=\"heateor_sss_button_twitter\" href=\"https:\/\/twitter.com\/intent\/tweet?text=Docs4opendebate%20-%20&url=https%3A%2F%2Fdocs4opendebate.be%2Ffr%2Fwp-json%2Fwp%2Fv2%2Fpages%2F3199\" title=\"Twitter\" rel=\"nofollow noopener\" target=\"_blank\" style=\"font-size:32px!important;box-shadow:none;display:inline-block;vertical-align:middle\"><span class=\"heateor_sss_svg heateor_sss_s__default heateor_sss_s_twitter\" style=\"background-color:#55acee;width:40px;height:40px;margin:0;display:inline-block;opacity:1;float:left;font-size:32px;box-shadow:none;display:inline-block;font-size:16px;padding:0 4px;vertical-align:middle;background-repeat:repeat;overflow:hidden;padding:0;cursor:pointer;box-sizing:content-box\"><svg style=\"display:block;\" focusable=\"false\" aria-hidden=\"true\" xmlns=\"http:\/\/www.w3.org\/2000\/svg\" width=\"100%\" height=\"100%\" viewBox=\"-4 -4 39 39\"><path d=\"M28 8.557a9.913 9.913 0 0 1-2.828.775 4.93 4.93 0 0 0 2.166-2.725 9.738 9.738 0 0 1-3.13 1.194 4.92 4.92 0 0 0-3.593-1.55 4.924 4.924 0 0 0-4.794 6.049c-4.09-.21-7.72-2.17-10.15-5.15a4.942 4.942 0 0 0-.665 2.477c0 1.71.87 3.214 2.19 4.1a4.968 4.968 0 0 1-2.23-.616v.06c0 2.39 1.7 4.38 3.952 4.83-.414.115-.85.174-1.297.174-.318 0-.626-.03-.928-.086a4.935 4.935 0 0 0 4.6 3.42 9.893 9.893 0 0 1-6.114 2.107c-.398 0-.79-.023-1.175-.068a13.953 13.953 0 0 0 7.55 2.213c9.056 0 14.01-7.507 14.01-14.013 0-.213-.005-.426-.015-.637.96-.695 1.795-1.56 2.455-2.55z\" fill=\"#fff\"><\/path><\/svg><\/span><\/a><a aria-label=\"Linkedin\" class=\"heateor_sss_button_linkedin\" href=\"https:\/\/www.linkedin.com\/sharing\/share-offsite\/?url=https%3A%2F%2Fdocs4opendebate.be%2Ffr%2Fwp-json%2Fwp%2Fv2%2Fpages%2F3199\" title=\"Linkedin\" rel=\"nofollow noopener\" target=\"_blank\" style=\"font-size:32px!important;box-shadow:none;display:inline-block;vertical-align:middle\"><span class=\"heateor_sss_svg heateor_sss_s__default heateor_sss_s_linkedin\" style=\"background-color:#0077b5;width:40px;height:40px;margin:0;display:inline-block;opacity:1;float:left;font-size:32px;box-shadow:none;display:inline-block;font-size:16px;padding:0 4px;vertical-align:middle;background-repeat:repeat;overflow:hidden;padding:0;cursor:pointer;box-sizing:content-box\"><svg style=\"display:block;\" focusable=\"false\" aria-hidden=\"true\" xmlns=\"http:\/\/www.w3.org\/2000\/svg\" width=\"100%\" height=\"100%\" viewBox=\"0 0 32 32\"><path d=\"M6.227 12.61h4.19v13.48h-4.19V12.61zm2.095-6.7a2.43 2.43 0 0 1 0 4.86c-1.344 0-2.428-1.09-2.428-2.43s1.084-2.43 2.428-2.43m4.72 6.7h4.02v1.84h.058c.56-1.058 1.927-2.176 3.965-2.176 4.238 0 5.02 2.792 5.02 6.42v7.395h-4.183v-6.56c0-1.564-.03-3.574-2.178-3.574-2.18 0-2.514 1.7-2.514 3.46v6.668h-4.187V12.61z\" fill=\"#fff\"><\/path><\/svg><\/span><\/a><a aria-label=\"Whatsapp\" class=\"heateor_sss_whatsapp\" href=\"https:\/\/api.whatsapp.com\/send?text=Docs4opendebate%20-%20%20https%3A%2F%2Fdocs4opendebate.be%2Ffr%2Fwp-json%2Fwp%2Fv2%2Fpages%2F3199\" title=\"Whatsapp\" rel=\"nofollow noopener\" target=\"_blank\" style=\"font-size:32px!important;box-shadow:none;display:inline-block;vertical-align:middle\"><span class=\"heateor_sss_svg\" style=\"background-color:#55eb4c;width:40px;height:40px;margin:0;display:inline-block;opacity:1;float:left;font-size:32px;box-shadow:none;display:inline-block;font-size:16px;padding:0 4px;vertical-align:middle;background-repeat:repeat;overflow:hidden;padding:0;cursor:pointer;box-sizing:content-box\"><svg style=\"display:block;\" focusable=\"false\" aria-hidden=\"true\" xmlns=\"http:\/\/www.w3.org\/2000\/svg\" width=\"100%\" height=\"100%\" viewBox=\"-6 -5 40 40\"><path class=\"heateor_sss_svg_stroke heateor_sss_no_fill\" stroke=\"#fff\" stroke-width=\"2\" fill=\"none\" d=\"M 11.579798566743314 24.396926207859085 A 10 10 0 1 0 6.808479557110079 20.73576436351046\"><\/path><path d=\"M 7 19 l -1 6 l 6 -1\" class=\"heateor_sss_no_fill heateor_sss_svg_stroke\" stroke=\"#fff\" stroke-width=\"2\" fill=\"none\"><\/path><path d=\"M 10 10 q -1 8 8 11 c 5 -1 0 -6 -1 -3 q -4 -3 -5 -5 c 4 -2 -1 -5 -1 -4\" fill=\"#fff\"><\/path><\/svg><\/span><\/a><a aria-label=\"Email\" class=\"heateor_sss_email\" href=\"https:\/\/docs4opendebate.be\/fr\/wp-json\/wp\/v2\/pages\/3199\" onclick=\"event.preventDefault();window.open('mailto:?subject=' + decodeURIComponent('Docs4opendebate%20-%20').replace('&', '%26') + '&body=https%3A%2F%2Fdocs4opendebate.be%2Ffr%2Fwp-json%2Fwp%2Fv2%2Fpages%2F3199', '_blank')\" title=\"Email\" rel=\"noopener\" style=\"font-size:32px!important;box-shadow:none;display:inline-block;vertical-align:middle\"><span class=\"heateor_sss_svg\" style=\"background-color:#649a3f;width:40px;height:40px;margin:0;display:inline-block;opacity:1;float:left;font-size:32px;box-shadow:none;display:inline-block;font-size:16px;padding:0 4px;vertical-align:middle;background-repeat:repeat;overflow:hidden;padding:0;cursor:pointer;box-sizing:content-box\"><svg style=\"display:block;\" focusable=\"false\" aria-hidden=\"true\" xmlns=\"http:\/\/www.w3.org\/2000\/svg\" width=\"100%\" height=\"100%\" viewBox=\"-.75 -.5 36 36\"><path d=\"M 5.5 11 h 23 v 1 l -11 6 l -11 -6 v -1 m 0 2 l 11 6 l 11 -6 v 11 h -22 v -11\" stroke-width=\"1\" fill=\"#fff\"><\/path><\/svg><\/span><\/a><\/div><div class=\"heateorSssClear\"><\/div><\/div>","protected":false},"author":1,"featured_media":0,"parent":0,"menu_order":0,"comment_status":"closed","ping_status":"closed","template":"","meta":{"site-sidebar-layout":"no-sidebar","site-content-layout":"page-builder","ast-site-content-layout":"default","site-content-style":"default","site-sidebar-style":"default","ast-global-header-display":"","ast-banner-title-visibility":"","ast-main-header-display":"","ast-hfb-above-header-display":"","ast-hfb-below-header-display":"","ast-hfb-mobile-header-display":"","site-post-title":"disabled","ast-breadcrumbs-content":"","ast-featured-img":"disabled","footer-sml-layout":"","ast-disable-related-posts":"","theme-transparent-header-meta":"default","adv-header-id-meta":"","stick-header-meta":"default","header-above-stick-meta":"","header-main-stick-meta":"","header-below-stick-meta":"","astra-migrate-meta-layouts":"default","ast-page-background-enabled":"default","ast-page-background-meta":{"desktop":{"background-color":"","background-image":"","background-repeat":"repeat","background-position":"center center","background-size":"auto","background-attachment":"scroll","background-type":"","background-media":"","overlay-type":"","overlay-color":"","overlay-opacity":"","overlay-gradient":""},"tablet":{"background-color":"","background-image":"","background-repeat":"repeat","background-position":"center center","background-size":"auto","background-attachment":"scroll","background-type":"","background-media":"","overlay-type":"","overlay-color":"","overlay-opacity":"","overlay-gradient":""},"mobile":{"background-color":"","background-image":"","background-repeat":"repeat","background-position":"center center","background-size":"auto","background-attachment":"scroll","background-type":"","background-media":"","overlay-type":"","overlay-color":"","overlay-opacity":"","overlay-gradient":""}},"ast-content-background-meta":{"desktop":{"background-color":"var(--ast-global-color-5)","background-image":"","background-repeat":"repeat","background-position":"center center","background-size":"auto","background-attachment":"scroll","background-type":"","background-media":"","overlay-type":"","overlay-color":"","overlay-opacity":"","overlay-gradient":""},"tablet":{"background-color":"var(--ast-global-color-5)","background-image":"","background-repeat":"repeat","background-position":"center center","background-size":"auto","background-attachment":"scroll","background-type":"","background-media":"","overlay-type":"","overlay-color":"","overlay-opacity":"","overlay-gradient":""},"mobile":{"background-color":"var(--ast-global-color-5)","background-image":"","background-repeat":"repeat","background-position":"center center","background-size":"auto","background-attachment":"scroll","background-type":"","background-media":"","overlay-type":"","overlay-color":"","overlay-opacity":"","overlay-gradient":""}},"footnotes":""},"class_list":["post-3199","page","type-page","status-publish","hentry"],"yoast_head":"<!-- This site is optimized with the Yoast SEO plugin v27.5 - https:\/\/yoast.com\/product\/yoast-seo-wordpress\/ -->\n<title>Actions mondial - Docs4opendebate<\/title>\n<meta name=\"robots\" content=\"index, follow, max-snippet:-1, max-image-preview:large, max-video-preview:-1\" \/>\n<link rel=\"canonical\" href=\"https:\/\/docs4opendebate.be\/fr\/actions-mondial\/\" \/>\n<meta property=\"og:locale\" content=\"fr_FR\" \/>\n<meta property=\"og:type\" content=\"article\" \/>\n<meta property=\"og:title\" content=\"Actions mondial - Docs4opendebate\" \/>\n<meta property=\"og:description\" content=\"Actions mondial Petition vaccination Dr. Wodarg et Dr. Yeadon demande l&rsquo;arr\u00eat de toutes les \u00e9tudes de vaccination corona et demande la cosignature de la p\u00e9tition Dr. Wodarg et Dr. Yeadon demande au plus grand nombre de citoyens europ\u00e9ens de cosigner leur p\u00e9tition en envoyant un e-mail \u00e0 EMA. (voir l&rsquo;article) Signez la lettre ouverte\" \/>\n<meta property=\"og:url\" content=\"https:\/\/docs4opendebate.be\/fr\/actions-mondial\/\" \/>\n<meta property=\"og:site_name\" content=\"Docs4opendebate\" \/>\n<meta property=\"article:modified_time\" content=\"2020-12-18T13:00:00+00:00\" \/>\n<meta name=\"twitter:card\" content=\"summary_large_image\" \/>\n<script type=\"application\/ld+json\" class=\"yoast-schema-graph\">{\"@context\":\"https:\\\/\\\/schema.org\",\"@graph\":[{\"@type\":\"WebPage\",\"@id\":\"https:\\\/\\\/docs4opendebate.be\\\/fr\\\/actions-mondial\\\/\",\"url\":\"https:\\\/\\\/docs4opendebate.be\\\/fr\\\/actions-mondial\\\/\",\"name\":\"Actions mondial - Docs4opendebate\",\"isPartOf\":{\"@id\":\"https:\\\/\\\/docs4opendebate.be\\\/fr\\\/#website\"},\"datePublished\":\"2020-12-18T12:54:49+00:00\",\"dateModified\":\"2020-12-18T13:00:00+00:00\",\"breadcrumb\":{\"@id\":\"https:\\\/\\\/docs4opendebate.be\\\/fr\\\/actions-mondial\\\/#breadcrumb\"},\"inLanguage\":\"fr-FR\",\"potentialAction\":[{\"@type\":\"ReadAction\",\"target\":[\"https:\\\/\\\/docs4opendebate.be\\\/fr\\\/actions-mondial\\\/\"]}]},{\"@type\":\"BreadcrumbList\",\"@id\":\"https:\\\/\\\/docs4opendebate.be\\\/fr\\\/actions-mondial\\\/#breadcrumb\",\"itemListElement\":[{\"@type\":\"ListItem\",\"position\":1,\"name\":\"Home\",\"item\":\"https:\\\/\\\/docs4opendebate.be\\\/fr\\\/\"},{\"@type\":\"ListItem\",\"position\":2,\"name\":\"Actions mondial\"}]},{\"@type\":\"WebSite\",\"@id\":\"https:\\\/\\\/docs4opendebate.be\\\/fr\\\/#website\",\"url\":\"https:\\\/\\\/docs4opendebate.be\\\/fr\\\/\",\"name\":\"Docs4opendebate\",\"description\":\"\",\"publisher\":{\"@id\":\"https:\\\/\\\/docs4opendebate.be\\\/fr\\\/#organization\"},\"potentialAction\":[{\"@type\":\"SearchAction\",\"target\":{\"@type\":\"EntryPoint\",\"urlTemplate\":\"https:\\\/\\\/docs4opendebate.be\\\/fr\\\/?s={search_term_string}\"},\"query-input\":{\"@type\":\"PropertyValueSpecification\",\"valueRequired\":true,\"valueName\":\"search_term_string\"}}],\"inLanguage\":\"fr-FR\"},{\"@type\":\"Organization\",\"@id\":\"https:\\\/\\\/docs4opendebate.be\\\/fr\\\/#organization\",\"name\":\"Docs4opendebate\",\"url\":\"https:\\\/\\\/docs4opendebate.be\\\/fr\\\/\",\"logo\":{\"@type\":\"ImageObject\",\"inLanguage\":\"fr-FR\",\"@id\":\"https:\\\/\\\/docs4opendebate.be\\\/fr\\\/#\\\/schema\\\/logo\\\/image\\\/\",\"url\":\"https:\\\/\\\/docs4opendebate.be\\\/wp-content\\\/uploads\\\/2020\\\/08\\\/logo.jpg\",\"contentUrl\":\"https:\\\/\\\/docs4opendebate.be\\\/wp-content\\\/uploads\\\/2020\\\/08\\\/logo.jpg\",\"width\":180,\"height\":70,\"caption\":\"Docs4opendebate\"},\"image\":{\"@id\":\"https:\\\/\\\/docs4opendebate.be\\\/fr\\\/#\\\/schema\\\/logo\\\/image\\\/\"}}]}<\/script>\n<!-- \/ Yoast SEO plugin. -->","yoast_head_json":{"title":"Actions mondial - Docs4opendebate","robots":{"index":"index","follow":"follow","max-snippet":"max-snippet:-1","max-image-preview":"max-image-preview:large","max-video-preview":"max-video-preview:-1"},"canonical":"https:\/\/docs4opendebate.be\/fr\/actions-mondial\/","og_locale":"fr_FR","og_type":"article","og_title":"Actions mondial - Docs4opendebate","og_description":"Actions mondial Petition vaccination Dr. Wodarg et Dr. Yeadon demande l&rsquo;arr\u00eat de toutes les \u00e9tudes de vaccination corona et demande la cosignature de la p\u00e9tition Dr. Wodarg et Dr. Yeadon demande au plus grand nombre de citoyens europ\u00e9ens de cosigner leur p\u00e9tition en envoyant un e-mail \u00e0 EMA. (voir l&rsquo;article) Signez la lettre ouverte","og_url":"https:\/\/docs4opendebate.be\/fr\/actions-mondial\/","og_site_name":"Docs4opendebate","article_modified_time":"2020-12-18T13:00:00+00:00","twitter_card":"summary_large_image","schema":{"@context":"https:\/\/schema.org","@graph":[{"@type":"WebPage","@id":"https:\/\/docs4opendebate.be\/fr\/actions-mondial\/","url":"https:\/\/docs4opendebate.be\/fr\/actions-mondial\/","name":"Actions mondial - Docs4opendebate","isPartOf":{"@id":"https:\/\/docs4opendebate.be\/fr\/#website"},"datePublished":"2020-12-18T12:54:49+00:00","dateModified":"2020-12-18T13:00:00+00:00","breadcrumb":{"@id":"https:\/\/docs4opendebate.be\/fr\/actions-mondial\/#breadcrumb"},"inLanguage":"fr-FR","potentialAction":[{"@type":"ReadAction","target":["https:\/\/docs4opendebate.be\/fr\/actions-mondial\/"]}]},{"@type":"BreadcrumbList","@id":"https:\/\/docs4opendebate.be\/fr\/actions-mondial\/#breadcrumb","itemListElement":[{"@type":"ListItem","position":1,"name":"Home","item":"https:\/\/docs4opendebate.be\/fr\/"},{"@type":"ListItem","position":2,"name":"Actions mondial"}]},{"@type":"WebSite","@id":"https:\/\/docs4opendebate.be\/fr\/#website","url":"https:\/\/docs4opendebate.be\/fr\/","name":"Docs4opendebate","description":"","publisher":{"@id":"https:\/\/docs4opendebate.be\/fr\/#organization"},"potentialAction":[{"@type":"SearchAction","target":{"@type":"EntryPoint","urlTemplate":"https:\/\/docs4opendebate.be\/fr\/?s={search_term_string}"},"query-input":{"@type":"PropertyValueSpecification","valueRequired":true,"valueName":"search_term_string"}}],"inLanguage":"fr-FR"},{"@type":"Organization","@id":"https:\/\/docs4opendebate.be\/fr\/#organization","name":"Docs4opendebate","url":"https:\/\/docs4opendebate.be\/fr\/","logo":{"@type":"ImageObject","inLanguage":"fr-FR","@id":"https:\/\/docs4opendebate.be\/fr\/#\/schema\/logo\/image\/","url":"https:\/\/docs4opendebate.be\/wp-content\/uploads\/2020\/08\/logo.jpg","contentUrl":"https:\/\/docs4opendebate.be\/wp-content\/uploads\/2020\/08\/logo.jpg","width":180,"height":70,"caption":"Docs4opendebate"},"image":{"@id":"https:\/\/docs4opendebate.be\/fr\/#\/schema\/logo\/image\/"}}]}},"_links":{"self":[{"href":"https:\/\/docs4opendebate.be\/fr\/wp-json\/wp\/v2\/pages\/3199","targetHints":{"allow":["GET"]}}],"collection":[{"href":"https:\/\/docs4opendebate.be\/fr\/wp-json\/wp\/v2\/pages"}],"about":[{"href":"https:\/\/docs4opendebate.be\/fr\/wp-json\/wp\/v2\/types\/page"}],"author":[{"embeddable":true,"href":"https:\/\/docs4opendebate.be\/fr\/wp-json\/wp\/v2\/users\/1"}],"replies":[{"embeddable":true,"href":"https:\/\/docs4opendebate.be\/fr\/wp-json\/wp\/v2\/comments?post=3199"}],"version-history":[{"count":0,"href":"https:\/\/docs4opendebate.be\/fr\/wp-json\/wp\/v2\/pages\/3199\/revisions"}],"wp:attachment":[{"href":"https:\/\/docs4opendebate.be\/fr\/wp-json\/wp\/v2\/media?parent=3199"}],"curies":[{"name":"wp","href":"https:\/\/api.w.org\/{rel}","templated":true}]}}