{"id":1182,"date":"2020-10-05T12:07:44","date_gmt":"2020-10-05T10:07:44","guid":{"rendered":"https:\/\/docs4opendebate.be\/?page_id=1182"},"modified":"2020-10-05T21:54:23","modified_gmt":"2020-10-05T19:54:23","slug":"faites-un-don","status":"publish","type":"page","link":"https:\/\/docs4opendebate.be\/fr\/faites-un-don\/","title":{"rendered":"Faites un don"},"content":{"rendered":"\t\t<div data-elementor-type=\"wp-page\" data-elementor-id=\"1182\" class=\"elementor elementor-1182 elementor-1180\" data-elementor-post-type=\"page\">\n\t\t\t\t\t\t<section class=\"elementor-section elementor-top-section elementor-element elementor-element-b8175e8 elementor-section-content-middle elementor-section-boxed elementor-section-height-default elementor-section-height-default\" data-id=\"b8175e8\" data-element_type=\"section\" data-e-type=\"section\">\n\t\t\t\t\t\t<div class=\"elementor-container elementor-column-gap-extended\">\n\t\t\t\t\t<div class=\"elementor-column elementor-col-50 elementor-top-column elementor-element elementor-element-b2d8919\" data-id=\"b2d8919\" data-element_type=\"column\" data-e-type=\"column\">\n\t\t\t<div class=\"elementor-widget-wrap elementor-element-populated\">\n\t\t\t\t\t\t<div class=\"elementor-element elementor-element-bf241f1 elementor-widget elementor-widget-heading\" data-id=\"bf241f1\" data-element_type=\"widget\" data-e-type=\"widget\" data-widget_type=\"heading.default\">\n\t\t\t\t<div class=\"elementor-widget-container\">\n\t\t\t\t\t<h2 class=\"elementor-heading-title elementor-size-default\">Faites un don<\/h2>\t\t\t\t<\/div>\n\t\t\t\t<\/div>\n\t\t\t\t<div class=\"elementor-element elementor-element-86fe144 elementor-widget elementor-widget-text-editor\" data-id=\"86fe144\" data-element_type=\"widget\" data-e-type=\"widget\" data-widget_type=\"text-editor.default\">\n\t\t\t\t<div class=\"elementor-widget-container\">\n\t\t\t\t\t\t\t\t\t<p>Maintenant que notre lettre commence \u00e0 percer au niveau international, nous recevons de nombreuses r\u00e9ponses encourageantes et constructives du monde entier.<br \/><span style=\"font-size: 16px;\">De nombreuses personnes offrent leur aide en partageant des r\u00e9f\u00e9rences scientifiques ou en traduisant notre lettre ouverte. C&rsquo;est r\u00e9confortant.<br \/><\/span><span style=\"font-size: 16px;\">Mais plus de succ\u00e8s &#8230; signifie aussi plus de travail.<br \/><\/span><span style=\"font-size: 16px;\">Toute contribution financi\u00e8re est bienvenue &#8211; n&rsquo;h\u00e9sitez pas \u00e0 nous soutenir avec le montant qui vous convient. Ainsi nous pouvons faire appel \u00e0 l&rsquo;aide de professionnels qui peuvent dynamiser notre initiative &#8211; gr\u00e2ce \u00e0 vous !<\/span><\/p><p>Cordialement,<br \/><span style=\"font-size: 16px;\">L\u2019\u00e9quipe docs4opendebate<\/span><\/p>\t\t\t\t\t\t\t\t<\/div>\n\t\t\t\t<\/div>\n\t\t\t\t\t<\/div>\n\t\t<\/div>\n\t\t\t\t<div class=\"elementor-column elementor-col-50 elementor-top-column elementor-element elementor-element-a827311\" data-id=\"a827311\" data-element_type=\"column\" data-e-type=\"column\">\n\t\t\t<div class=\"elementor-widget-wrap elementor-element-populated\">\n\t\t\t\t\t\t<div class=\"elementor-element elementor-element-7b5d1a2 elementor-widget elementor-widget-text-editor\" data-id=\"7b5d1a2\" data-element_type=\"widget\" data-e-type=\"widget\" data-widget_type=\"text-editor.default\">\n\t\t\t\t<div class=\"elementor-widget-container\">\n\t\t\t\t\t\t\t\t\t<p>Tout don est le bienvenu.<\/p><p>Docs4opendebate<br \/>BE24 9733 9280 1938<br \/>BIC: ARSPBE22<\/p>\t\t\t\t\t\t\t\t<\/div>\n\t\t\t\t<\/div>\n\t\t\t\t<div class=\"elementor-element elementor-element-02e471e elementor-widget elementor-widget-heading\" data-id=\"02e471e\" data-element_type=\"widget\" data-e-type=\"widget\" data-widget_type=\"heading.default\">\n\t\t\t\t<div class=\"elementor-widget-container\">\n\t\t\t\t\t<h3 class=\"elementor-heading-title elementor-size-default\">Paypal\/Carte cr\u00e9dit<\/h3>\t\t\t\t<\/div>\n\t\t\t\t<\/div>\n\t\t\t\t<div class=\"elementor-element elementor-element-09c691d elementor-widget elementor-widget-text-editor\" data-id=\"09c691d\" data-element_type=\"widget\" data-e-type=\"widget\" data-widget_type=\"text-editor.default\">\n\t\t\t\t<div class=\"elementor-widget-container\">\n\t\t\t\t\t\t\t\t\t<form action=\"https:\/\/www.paypal.com\/cgi-bin\/webscr\" method=\"post\" target=\"_blank\"><input name=\"cmd\" type=\"hidden\" value=\"_s-xclick\" \/>\n<input name=\"hosted_button_id\" type=\"hidden\" value=\"B8VWH2ZTL2KGE\" \/>\n<input title=\"PayPal - The safer, easier way to pay online!\" alt=\"Donate with PayPal button\" name=\"submit\" src=\"https:\/\/www.paypalobjects.com\/fr_FR\/BE\/i\/btn\/btn_donateCC_LG.gif\" type=\"image\" \/>\n<img decoding=\"async\" src=\"https:\/\/www.paypal.com\/fr_BE\/i\/scr\/pixel.gif\" alt=\"\" width=\"1\" height=\"1\" border=\"0\" \/><\/form>\t\t\t\t\t\t\t\t<\/div>\n\t\t\t\t<\/div>\n\t\t\t\t\t<\/div>\n\t\t<\/div>\n\t\t\t\t\t<\/div>\n\t\t<\/section>\n\t\t\t\t<\/div>\n\t\t","protected":false},"excerpt":{"rendered":"<p>Faites un don Maintenant que notre lettre commence \u00e0 percer au niveau international, nous recevons de nombreuses r\u00e9ponses encourageantes et constructives du monde entier.De nombreuses personnes offrent leur aide en partageant des r\u00e9f\u00e9rences scientifiques ou en traduisant notre lettre ouverte. C&rsquo;est r\u00e9confortant.Mais plus de succ\u00e8s &#8230; signifie aussi plus de travail.Toute contribution financi\u00e8re est bienvenue [&hellip;]<\/p>\n<div class='heateor_sss_sharing_container heateor_sss_vertical_sharing heateor_sss_bottom_sharing' style='width:44px;right: -10px;top: 180px;-webkit-box-shadow:none;box-shadow:none;' data-heateor-sss-href='https:\/\/docs4opendebate.be\/fr\/wp-json\/wp\/v2\/pages\/1182'><div class=\"heateor_sss_sharing_ul\"><a aria-label=\"Facebook\" class=\"heateor_sss_facebook\" href=\"https:\/\/www.facebook.com\/sharer\/sharer.php?u=https%3A%2F%2Fdocs4opendebate.be%2Ffr%2Fwp-json%2Fwp%2Fv2%2Fpages%2F1182\" title=\"Facebook\" rel=\"nofollow noopener\" target=\"_blank\" style=\"font-size:32px!important;box-shadow:none;display:inline-block;vertical-align:middle\"><span class=\"heateor_sss_svg\" style=\"background-color:#0765FE;width:40px;height:40px;margin:0;display:inline-block;opacity:1;float:left;font-size:32px;box-shadow:none;display:inline-block;font-size:16px;padding:0 4px;vertical-align:middle;background-repeat:repeat;overflow:hidden;padding:0;cursor:pointer;box-sizing:content-box\"><svg style=\"display:block;\" focusable=\"false\" aria-hidden=\"true\" xmlns=\"http:\/\/www.w3.org\/2000\/svg\" width=\"100%\" height=\"100%\" viewBox=\"0 0 32 32\"><path fill=\"#fff\" d=\"M28 16c0-6.627-5.373-12-12-12S4 9.373 4 16c0 5.628 3.875 10.35 9.101 11.647v-7.98h-2.474V16H13.1v-1.58c0-4.085 1.849-5.978 5.859-5.978.76 0 2.072.15 2.608.298v3.325c-.283-.03-.775-.045-1.386-.045-1.967 0-2.728.745-2.728 2.683V16h3.92l-.673 3.667h-3.247v8.245C23.395 27.195 28 22.135 28 16Z\"><\/path><\/svg><\/span><\/a><a aria-label=\"Twitter\" class=\"heateor_sss_button_twitter\" href=\"https:\/\/twitter.com\/intent\/tweet?text=Docs4opendebate%20-%20&url=https%3A%2F%2Fdocs4opendebate.be%2Ffr%2Fwp-json%2Fwp%2Fv2%2Fpages%2F1182\" title=\"Twitter\" rel=\"nofollow noopener\" target=\"_blank\" style=\"font-size:32px!important;box-shadow:none;display:inline-block;vertical-align:middle\"><span class=\"heateor_sss_svg heateor_sss_s__default heateor_sss_s_twitter\" style=\"background-color:#55acee;width:40px;height:40px;margin:0;display:inline-block;opacity:1;float:left;font-size:32px;box-shadow:none;display:inline-block;font-size:16px;padding:0 4px;vertical-align:middle;background-repeat:repeat;overflow:hidden;padding:0;cursor:pointer;box-sizing:content-box\"><svg style=\"display:block;\" focusable=\"false\" aria-hidden=\"true\" xmlns=\"http:\/\/www.w3.org\/2000\/svg\" width=\"100%\" height=\"100%\" viewBox=\"-4 -4 39 39\"><path d=\"M28 8.557a9.913 9.913 0 0 1-2.828.775 4.93 4.93 0 0 0 2.166-2.725 9.738 9.738 0 0 1-3.13 1.194 4.92 4.92 0 0 0-3.593-1.55 4.924 4.924 0 0 0-4.794 6.049c-4.09-.21-7.72-2.17-10.15-5.15a4.942 4.942 0 0 0-.665 2.477c0 1.71.87 3.214 2.19 4.1a4.968 4.968 0 0 1-2.23-.616v.06c0 2.39 1.7 4.38 3.952 4.83-.414.115-.85.174-1.297.174-.318 0-.626-.03-.928-.086a4.935 4.935 0 0 0 4.6 3.42 9.893 9.893 0 0 1-6.114 2.107c-.398 0-.79-.023-1.175-.068a13.953 13.953 0 0 0 7.55 2.213c9.056 0 14.01-7.507 14.01-14.013 0-.213-.005-.426-.015-.637.96-.695 1.795-1.56 2.455-2.55z\" fill=\"#fff\"><\/path><\/svg><\/span><\/a><a aria-label=\"Linkedin\" class=\"heateor_sss_button_linkedin\" href=\"https:\/\/www.linkedin.com\/sharing\/share-offsite\/?url=https%3A%2F%2Fdocs4opendebate.be%2Ffr%2Fwp-json%2Fwp%2Fv2%2Fpages%2F1182\" title=\"Linkedin\" rel=\"nofollow noopener\" target=\"_blank\" style=\"font-size:32px!important;box-shadow:none;display:inline-block;vertical-align:middle\"><span class=\"heateor_sss_svg heateor_sss_s__default heateor_sss_s_linkedin\" style=\"background-color:#0077b5;width:40px;height:40px;margin:0;display:inline-block;opacity:1;float:left;font-size:32px;box-shadow:none;display:inline-block;font-size:16px;padding:0 4px;vertical-align:middle;background-repeat:repeat;overflow:hidden;padding:0;cursor:pointer;box-sizing:content-box\"><svg style=\"display:block;\" focusable=\"false\" aria-hidden=\"true\" xmlns=\"http:\/\/www.w3.org\/2000\/svg\" width=\"100%\" height=\"100%\" viewBox=\"0 0 32 32\"><path d=\"M6.227 12.61h4.19v13.48h-4.19V12.61zm2.095-6.7a2.43 2.43 0 0 1 0 4.86c-1.344 0-2.428-1.09-2.428-2.43s1.084-2.43 2.428-2.43m4.72 6.7h4.02v1.84h.058c.56-1.058 1.927-2.176 3.965-2.176 4.238 0 5.02 2.792 5.02 6.42v7.395h-4.183v-6.56c0-1.564-.03-3.574-2.178-3.574-2.18 0-2.514 1.7-2.514 3.46v6.668h-4.187V12.61z\" fill=\"#fff\"><\/path><\/svg><\/span><\/a><a aria-label=\"Whatsapp\" class=\"heateor_sss_whatsapp\" href=\"https:\/\/api.whatsapp.com\/send?text=Docs4opendebate%20-%20%20https%3A%2F%2Fdocs4opendebate.be%2Ffr%2Fwp-json%2Fwp%2Fv2%2Fpages%2F1182\" title=\"Whatsapp\" rel=\"nofollow noopener\" target=\"_blank\" style=\"font-size:32px!important;box-shadow:none;display:inline-block;vertical-align:middle\"><span class=\"heateor_sss_svg\" style=\"background-color:#55eb4c;width:40px;height:40px;margin:0;display:inline-block;opacity:1;float:left;font-size:32px;box-shadow:none;display:inline-block;font-size:16px;padding:0 4px;vertical-align:middle;background-repeat:repeat;overflow:hidden;padding:0;cursor:pointer;box-sizing:content-box\"><svg style=\"display:block;\" focusable=\"false\" aria-hidden=\"true\" xmlns=\"http:\/\/www.w3.org\/2000\/svg\" width=\"100%\" height=\"100%\" viewBox=\"-6 -5 40 40\"><path class=\"heateor_sss_svg_stroke heateor_sss_no_fill\" stroke=\"#fff\" stroke-width=\"2\" fill=\"none\" d=\"M 11.579798566743314 24.396926207859085 A 10 10 0 1 0 6.808479557110079 20.73576436351046\"><\/path><path d=\"M 7 19 l -1 6 l 6 -1\" class=\"heateor_sss_no_fill heateor_sss_svg_stroke\" stroke=\"#fff\" stroke-width=\"2\" fill=\"none\"><\/path><path d=\"M 10 10 q -1 8 8 11 c 5 -1 0 -6 -1 -3 q -4 -3 -5 -5 c 4 -2 -1 -5 -1 -4\" fill=\"#fff\"><\/path><\/svg><\/span><\/a><a aria-label=\"Email\" class=\"heateor_sss_email\" href=\"https:\/\/docs4opendebate.be\/fr\/wp-json\/wp\/v2\/pages\/1182\" onclick=\"event.preventDefault();window.open('mailto:?subject=' + decodeURIComponent('Docs4opendebate%20-%20').replace('&', '%26') + '&body=https%3A%2F%2Fdocs4opendebate.be%2Ffr%2Fwp-json%2Fwp%2Fv2%2Fpages%2F1182', '_blank')\" title=\"Email\" rel=\"noopener\" style=\"font-size:32px!important;box-shadow:none;display:inline-block;vertical-align:middle\"><span class=\"heateor_sss_svg\" style=\"background-color:#649a3f;width:40px;height:40px;margin:0;display:inline-block;opacity:1;float:left;font-size:32px;box-shadow:none;display:inline-block;font-size:16px;padding:0 4px;vertical-align:middle;background-repeat:repeat;overflow:hidden;padding:0;cursor:pointer;box-sizing:content-box\"><svg style=\"display:block;\" focusable=\"false\" aria-hidden=\"true\" xmlns=\"http:\/\/www.w3.org\/2000\/svg\" width=\"100%\" height=\"100%\" viewBox=\"-.75 -.5 36 36\"><path d=\"M 5.5 11 h 23 v 1 l -11 6 l -11 -6 v -1 m 0 2 l 11 6 l 11 -6 v 11 h -22 v -11\" stroke-width=\"1\" fill=\"#fff\"><\/path><\/svg><\/span><\/a><\/div><div class=\"heateorSssClear\"><\/div><\/div>","protected":false},"author":1,"featured_media":0,"parent":0,"menu_order":0,"comment_status":"closed","ping_status":"closed","template":"","meta":{"site-sidebar-layout":"no-sidebar","site-content-layout":"page-builder","ast-site-content-layout":"default","site-content-style":"default","site-sidebar-style":"default","ast-global-header-display":"","ast-banner-title-visibility":"","ast-main-header-display":"","ast-hfb-above-header-display":"","ast-hfb-below-header-display":"","ast-hfb-mobile-header-display":"","site-post-title":"disabled","ast-breadcrumbs-content":"","ast-featured-img":"disabled","footer-sml-layout":"","ast-disable-related-posts":"","theme-transparent-header-meta":"default","adv-header-id-meta":"","stick-header-meta":"default","header-above-stick-meta":"","header-main-stick-meta":"","header-below-stick-meta":"","astra-migrate-meta-layouts":"default","ast-page-background-enabled":"default","ast-page-background-meta":{"desktop":{"background-color":"","background-image":"","background-repeat":"repeat","background-position":"center center","background-size":"auto","background-attachment":"scroll","background-type":"","background-media":"","overlay-type":"","overlay-color":"","overlay-opacity":"","overlay-gradient":""},"tablet":{"background-color":"","background-image":"","background-repeat":"repeat","background-position":"center center","background-size":"auto","background-attachment":"scroll","background-type":"","background-media":"","overlay-type":"","overlay-color":"","overlay-opacity":"","overlay-gradient":""},"mobile":{"background-color":"","background-image":"","background-repeat":"repeat","background-position":"center center","background-size":"auto","background-attachment":"scroll","background-type":"","background-media":"","overlay-type":"","overlay-color":"","overlay-opacity":"","overlay-gradient":""}},"ast-content-background-meta":{"desktop":{"background-color":"var(--ast-global-color-5)","background-image":"","background-repeat":"repeat","background-position":"center center","background-size":"auto","background-attachment":"scroll","background-type":"","background-media":"","overlay-type":"","overlay-color":"","overlay-opacity":"","overlay-gradient":""},"tablet":{"background-color":"var(--ast-global-color-5)","background-image":"","background-repeat":"repeat","background-position":"center center","background-size":"auto","background-attachment":"scroll","background-type":"","background-media":"","overlay-type":"","overlay-color":"","overlay-opacity":"","overlay-gradient":""},"mobile":{"background-color":"var(--ast-global-color-5)","background-image":"","background-repeat":"repeat","background-position":"center center","background-size":"auto","background-attachment":"scroll","background-type":"","background-media":"","overlay-type":"","overlay-color":"","overlay-opacity":"","overlay-gradient":""}},"footnotes":""},"class_list":["post-1182","page","type-page","status-publish","hentry"],"yoast_head":"<!-- This site is optimized with the Yoast SEO plugin v27.4 - https:\/\/yoast.com\/product\/yoast-seo-wordpress\/ -->\n<title>Faites un don - Docs4opendebate<\/title>\n<meta name=\"robots\" content=\"index, follow, max-snippet:-1, max-image-preview:large, max-video-preview:-1\" \/>\n<link rel=\"canonical\" href=\"https:\/\/docs4opendebate.be\/fr\/faites-un-don\/\" \/>\n<meta property=\"og:locale\" content=\"fr_FR\" \/>\n<meta property=\"og:type\" content=\"article\" \/>\n<meta property=\"og:title\" content=\"Faites un don - Docs4opendebate\" \/>\n<meta property=\"og:description\" content=\"Faites un don Maintenant que notre lettre commence \u00e0 percer au niveau international, nous recevons de nombreuses r\u00e9ponses encourageantes et constructives du monde entier.De nombreuses personnes offrent leur aide en partageant des r\u00e9f\u00e9rences scientifiques ou en traduisant notre lettre ouverte. C&rsquo;est r\u00e9confortant.Mais plus de succ\u00e8s &#8230; signifie aussi plus de travail.Toute contribution financi\u00e8re est bienvenue [&hellip;]\" \/>\n<meta property=\"og:url\" content=\"https:\/\/docs4opendebate.be\/fr\/faites-un-don\/\" \/>\n<meta property=\"og:site_name\" content=\"Docs4opendebate\" \/>\n<meta property=\"article:modified_time\" content=\"2020-10-05T19:54:23+00:00\" \/>\n<meta property=\"og:image\" content=\"https:\/\/www.paypal.com\/fr_BE\/i\/scr\/pixel.gif\" \/>\n<meta name=\"twitter:card\" content=\"summary_large_image\" \/>\n<meta name=\"twitter:label1\" content=\"Dur\u00e9e de lecture estim\u00e9e\" \/>\n\t<meta name=\"twitter:data1\" content=\"1 minute\" \/>\n<script type=\"application\/ld+json\" class=\"yoast-schema-graph\">{\"@context\":\"https:\\\/\\\/schema.org\",\"@graph\":[{\"@type\":\"WebPage\",\"@id\":\"https:\\\/\\\/docs4opendebate.be\\\/fr\\\/faites-un-don\\\/\",\"url\":\"https:\\\/\\\/docs4opendebate.be\\\/fr\\\/faites-un-don\\\/\",\"name\":\"Faites un don - Docs4opendebate\",\"isPartOf\":{\"@id\":\"https:\\\/\\\/docs4opendebate.be\\\/fr\\\/#website\"},\"primaryImageOfPage\":{\"@id\":\"https:\\\/\\\/docs4opendebate.be\\\/fr\\\/faites-un-don\\\/#primaryimage\"},\"image\":{\"@id\":\"https:\\\/\\\/docs4opendebate.be\\\/fr\\\/faites-un-don\\\/#primaryimage\"},\"thumbnailUrl\":\"https:\\\/\\\/www.paypal.com\\\/fr_BE\\\/i\\\/scr\\\/pixel.gif\",\"datePublished\":\"2020-10-05T10:07:44+00:00\",\"dateModified\":\"2020-10-05T19:54:23+00:00\",\"breadcrumb\":{\"@id\":\"https:\\\/\\\/docs4opendebate.be\\\/fr\\\/faites-un-don\\\/#breadcrumb\"},\"inLanguage\":\"fr-FR\",\"potentialAction\":[{\"@type\":\"ReadAction\",\"target\":[\"https:\\\/\\\/docs4opendebate.be\\\/fr\\\/faites-un-don\\\/\"]}]},{\"@type\":\"ImageObject\",\"inLanguage\":\"fr-FR\",\"@id\":\"https:\\\/\\\/docs4opendebate.be\\\/fr\\\/faites-un-don\\\/#primaryimage\",\"url\":\"https:\\\/\\\/www.paypal.com\\\/fr_BE\\\/i\\\/scr\\\/pixel.gif\",\"contentUrl\":\"https:\\\/\\\/www.paypal.com\\\/fr_BE\\\/i\\\/scr\\\/pixel.gif\"},{\"@type\":\"BreadcrumbList\",\"@id\":\"https:\\\/\\\/docs4opendebate.be\\\/fr\\\/faites-un-don\\\/#breadcrumb\",\"itemListElement\":[{\"@type\":\"ListItem\",\"position\":1,\"name\":\"Home\",\"item\":\"https:\\\/\\\/docs4opendebate.be\\\/fr\\\/\"},{\"@type\":\"ListItem\",\"position\":2,\"name\":\"Faites un don\"}]},{\"@type\":\"WebSite\",\"@id\":\"https:\\\/\\\/docs4opendebate.be\\\/fr\\\/#website\",\"url\":\"https:\\\/\\\/docs4opendebate.be\\\/fr\\\/\",\"name\":\"Docs4opendebate\",\"description\":\"\",\"publisher\":{\"@id\":\"https:\\\/\\\/docs4opendebate.be\\\/fr\\\/#organization\"},\"potentialAction\":[{\"@type\":\"SearchAction\",\"target\":{\"@type\":\"EntryPoint\",\"urlTemplate\":\"https:\\\/\\\/docs4opendebate.be\\\/fr\\\/?s={search_term_string}\"},\"query-input\":{\"@type\":\"PropertyValueSpecification\",\"valueRequired\":true,\"valueName\":\"search_term_string\"}}],\"inLanguage\":\"fr-FR\"},{\"@type\":\"Organization\",\"@id\":\"https:\\\/\\\/docs4opendebate.be\\\/fr\\\/#organization\",\"name\":\"Docs4opendebate\",\"url\":\"https:\\\/\\\/docs4opendebate.be\\\/fr\\\/\",\"logo\":{\"@type\":\"ImageObject\",\"inLanguage\":\"fr-FR\",\"@id\":\"https:\\\/\\\/docs4opendebate.be\\\/fr\\\/#\\\/schema\\\/logo\\\/image\\\/\",\"url\":\"https:\\\/\\\/docs4opendebate.be\\\/wp-content\\\/uploads\\\/2020\\\/08\\\/logo.jpg\",\"contentUrl\":\"https:\\\/\\\/docs4opendebate.be\\\/wp-content\\\/uploads\\\/2020\\\/08\\\/logo.jpg\",\"width\":180,\"height\":70,\"caption\":\"Docs4opendebate\"},\"image\":{\"@id\":\"https:\\\/\\\/docs4opendebate.be\\\/fr\\\/#\\\/schema\\\/logo\\\/image\\\/\"}}]}<\/script>\n<!-- \/ Yoast SEO plugin. -->","yoast_head_json":{"title":"Faites un don - Docs4opendebate","robots":{"index":"index","follow":"follow","max-snippet":"max-snippet:-1","max-image-preview":"max-image-preview:large","max-video-preview":"max-video-preview:-1"},"canonical":"https:\/\/docs4opendebate.be\/fr\/faites-un-don\/","og_locale":"fr_FR","og_type":"article","og_title":"Faites un don - Docs4opendebate","og_description":"Faites un don Maintenant que notre lettre commence \u00e0 percer au niveau international, nous recevons de nombreuses r\u00e9ponses encourageantes et constructives du monde entier.De nombreuses personnes offrent leur aide en partageant des r\u00e9f\u00e9rences scientifiques ou en traduisant notre lettre ouverte. C&rsquo;est r\u00e9confortant.Mais plus de succ\u00e8s &#8230; signifie aussi plus de travail.Toute contribution financi\u00e8re est bienvenue [&hellip;]","og_url":"https:\/\/docs4opendebate.be\/fr\/faites-un-don\/","og_site_name":"Docs4opendebate","article_modified_time":"2020-10-05T19:54:23+00:00","og_image":[{"url":"https:\/\/www.paypal.com\/fr_BE\/i\/scr\/pixel.gif","type":"","width":"","height":""}],"twitter_card":"summary_large_image","twitter_misc":{"Dur\u00e9e de lecture estim\u00e9e":"1 minute"},"schema":{"@context":"https:\/\/schema.org","@graph":[{"@type":"WebPage","@id":"https:\/\/docs4opendebate.be\/fr\/faites-un-don\/","url":"https:\/\/docs4opendebate.be\/fr\/faites-un-don\/","name":"Faites un don - Docs4opendebate","isPartOf":{"@id":"https:\/\/docs4opendebate.be\/fr\/#website"},"primaryImageOfPage":{"@id":"https:\/\/docs4opendebate.be\/fr\/faites-un-don\/#primaryimage"},"image":{"@id":"https:\/\/docs4opendebate.be\/fr\/faites-un-don\/#primaryimage"},"thumbnailUrl":"https:\/\/www.paypal.com\/fr_BE\/i\/scr\/pixel.gif","datePublished":"2020-10-05T10:07:44+00:00","dateModified":"2020-10-05T19:54:23+00:00","breadcrumb":{"@id":"https:\/\/docs4opendebate.be\/fr\/faites-un-don\/#breadcrumb"},"inLanguage":"fr-FR","potentialAction":[{"@type":"ReadAction","target":["https:\/\/docs4opendebate.be\/fr\/faites-un-don\/"]}]},{"@type":"ImageObject","inLanguage":"fr-FR","@id":"https:\/\/docs4opendebate.be\/fr\/faites-un-don\/#primaryimage","url":"https:\/\/www.paypal.com\/fr_BE\/i\/scr\/pixel.gif","contentUrl":"https:\/\/www.paypal.com\/fr_BE\/i\/scr\/pixel.gif"},{"@type":"BreadcrumbList","@id":"https:\/\/docs4opendebate.be\/fr\/faites-un-don\/#breadcrumb","itemListElement":[{"@type":"ListItem","position":1,"name":"Home","item":"https:\/\/docs4opendebate.be\/fr\/"},{"@type":"ListItem","position":2,"name":"Faites un don"}]},{"@type":"WebSite","@id":"https:\/\/docs4opendebate.be\/fr\/#website","url":"https:\/\/docs4opendebate.be\/fr\/","name":"Docs4opendebate","description":"","publisher":{"@id":"https:\/\/docs4opendebate.be\/fr\/#organization"},"potentialAction":[{"@type":"SearchAction","target":{"@type":"EntryPoint","urlTemplate":"https:\/\/docs4opendebate.be\/fr\/?s={search_term_string}"},"query-input":{"@type":"PropertyValueSpecification","valueRequired":true,"valueName":"search_term_string"}}],"inLanguage":"fr-FR"},{"@type":"Organization","@id":"https:\/\/docs4opendebate.be\/fr\/#organization","name":"Docs4opendebate","url":"https:\/\/docs4opendebate.be\/fr\/","logo":{"@type":"ImageObject","inLanguage":"fr-FR","@id":"https:\/\/docs4opendebate.be\/fr\/#\/schema\/logo\/image\/","url":"https:\/\/docs4opendebate.be\/wp-content\/uploads\/2020\/08\/logo.jpg","contentUrl":"https:\/\/docs4opendebate.be\/wp-content\/uploads\/2020\/08\/logo.jpg","width":180,"height":70,"caption":"Docs4opendebate"},"image":{"@id":"https:\/\/docs4opendebate.be\/fr\/#\/schema\/logo\/image\/"}}]}},"_links":{"self":[{"href":"https:\/\/docs4opendebate.be\/fr\/wp-json\/wp\/v2\/pages\/1182","targetHints":{"allow":["GET"]}}],"collection":[{"href":"https:\/\/docs4opendebate.be\/fr\/wp-json\/wp\/v2\/pages"}],"about":[{"href":"https:\/\/docs4opendebate.be\/fr\/wp-json\/wp\/v2\/types\/page"}],"author":[{"embeddable":true,"href":"https:\/\/docs4opendebate.be\/fr\/wp-json\/wp\/v2\/users\/1"}],"replies":[{"embeddable":true,"href":"https:\/\/docs4opendebate.be\/fr\/wp-json\/wp\/v2\/comments?post=1182"}],"version-history":[{"count":0,"href":"https:\/\/docs4opendebate.be\/fr\/wp-json\/wp\/v2\/pages\/1182\/revisions"}],"wp:attachment":[{"href":"https:\/\/docs4opendebate.be\/fr\/wp-json\/wp\/v2\/media?parent=1182"}],"curies":[{"name":"wp","href":"https:\/\/api.w.org\/{rel}","templated":true}]}}